{"id":925,"date":"2021-11-26T12:38:23","date_gmt":"2021-11-26T11:38:23","guid":{"rendered":"https:\/\/birrasanmartino.ch\/?page_id=925"},"modified":"2026-03-02T09:37:21","modified_gmt":"2026-03-02T08:37:21","slug":"impressum","status":"publish","type":"page","link":"https:\/\/birrasanmartino.ch\/de\/impressum\/","title":{"rendered":"Impressum"},"content":{"rendered":"<div  class='flex_column av-8v3lh-2d36e2cb3e5795fc2121271864e19844 av_one_full  avia-builder-el-0  el_before_av_one_half  avia-builder-el-first  first flex_column_div'     ><section  class='av_textblock_section av-kwgb9l12-acc2c5ed501310fcd85ae5d26510d964'   itemscope=\"itemscope\" itemtype=\"https:\/\/schema.org\/CreativeWork\" ><div class='avia_textblock'  itemprop=\"text\" ><h2 style=\"text-align: center;\">Impressum<\/h2>\n<\/div><\/section><\/div>\n<div  class='flex_column av-dlqcd-1310ed396e9f20a2f3c1b4e1443196f1 av_one_half  avia-builder-el-2  el_after_av_one_full  el_before_av_one_half  first flex_column_div  column-top-margin'     ><section  class='av_textblock_section av-kwgh3ida-7bf5b3a1d60ae9e287909d7ac8c6a1ee'   itemscope=\"itemscope\" itemtype=\"https:\/\/schema.org\/CreativeWork\" ><div class='avia_textblock'  itemprop=\"text\" ><p><strong><i>Kontaktadresse<\/i><\/strong><\/p>\n<p>Birrificio Ticinese San Martino SA<br \/>\nVia Industria 33<br \/>\n6934 Bioggio<br \/>\nSvizzera<\/p>\n<p>E-Mail:<br \/>\ninfo@birrasanmartino.ch<\/p>\n<p><strong>Vertretungsberechtigte Person<\/strong><\/p>\n<p>Brauereileiter<br \/>\na. i. Piero Mannino<\/p>\n<p><strong><i>Eintragung im Handelsregister<\/i><\/strong><\/p>\n<p>Eingetragener Firmenname:<br \/>\n<strong>Birrificio Ticinese San Martino SA<\/strong><\/p>\n<p>Unternehmens-Nr. (UID):<br \/>\n<strong>CHE-318.233.700<\/strong><\/p>\n<p>Umsatzsteueridentifikationsnummer<br \/>\n<strong>CHE-318.233.700 MWST<\/strong><\/p>\n<\/div><\/section><\/div><div  class='flex_column av-9h06d-0a32ca3fccf560135d9ad1a210ad433b av_one_half  avia-builder-el-4  el_after_av_one_half  avia-builder-el-last  flex_column_div  column-top-margin'     ><section  class='av_textblock_section av-kwgh4nyq-0ee8f1ede882b62a95763cdd69cfd9e5'   itemscope=\"itemscope\" itemtype=\"https:\/\/schema.org\/CreativeWork\" ><div class='avia_textblock'  itemprop=\"text\" ><p><em><strong>Nutzungsbedingungen<\/strong><\/em><br \/>\nSie d\u00fcrfen unsere Online-Angebote nur im Rahmen der bestimmungsgem\u00e4ssen Nutzung verwenden. Es ist Ihnen namentlich untersagt, diese zur Aus\u00fcbung von Gesetzesverst\u00f6ssen und unerlaubten Handlungen einzusetzen oder sie in einer Weise zu benutzen, welche Schaden oder \u00dcberlastungen hervorrufen, die Online-Angebote ausser Betrieb setzen oder die Nutzung beeintr\u00e4chtigen.<\/p>\n<p>Unsere Online-Angebote und Kommunikationsdienste sind nach Treu und Glauben zu benutzen. Kommentare und Mitteilungen sind anst\u00e4ndig zu verfassen. Es ist untersagt, ehrverletzende, bel\u00e4stigende, drohende, gewaltt\u00e4tige, pornografische, gottesl\u00e4sterliche, obsz\u00f6ne, sch\u00e4dliche oder anderweitig  unangebrachte, verletzende oder ungesetzliche Inhalte zu verbreiten. Das Recht Dritter auf Privatsph\u00e4re und Datenschutz ist zu achten.<\/p>\n<p>Sie d\u00fcrfen \u2013 mangels ausdr\u00fccklicher anderslautender Bestimmung oder offensichtlicher Zul\u00e4ssigkeit \u2013 unsere Online-Angebote nicht daf\u00fcr verwenden, Werbung oder Angebote f\u00fcr den Kauf oder Verkauf von G\u00fctern oder Dienstleistungen im Sinne gesch\u00e4ftsm\u00e4ssigen Handelns zu offerieren, Umfragen, Wettbewerbe, Preisausschreiben oder Kettenbriefe durchzuf\u00fchren oder weiterzuleiten, Information \u00fcber andere Benutzer zu sammeln oder \u00c4hnliches.<\/p>\n<p>Soweit Sie uns Inhalte zur Verf\u00fcgung stellen, haben Sie daf\u00fcr zu sorgen, dass Sie damit keine fremden Eigentumsrechte verletzen.<\/p>\n<p>Wir erheben keinen Eigentumsanspruch auf Inhalte, die Sie uns zur Verf\u00fcgung stellen. Mangels ausdr\u00fccklicher anderslautender Mitteilung erlauben wir uns mit der Zurverf\u00fcgungstellung aber, diese Inhalte zu verwenden. Dies umfasst das Recht, die Inhalte zu kopieren, zu verteilen, zu \u00fcbermitteln, \u00f6ffentlich auszustellen, vorzuf\u00fchren, zu vervielf\u00e4ltigen, zu bearbeiten sowie Ihren Namen im Zusammenhang mit Ihrer Ver\u00f6ffentlichung zu nennen. F\u00fcr die Verwendung der Inhalte wird keine Verg\u00fctung geleistet.<\/p>\n<p>Wir behalten uns das Recht vor, aus eigener Entscheidung und ohne Vorank\u00fcndigung Ihren Zugang zu unseren Online-Angeboten jederzeit und ohne Begr\u00fcndung einzuschr\u00e4nken oder ganz auszusetzen.<\/p>\n<p>Die Inhalte unseres Online-Angebots sind urheberrechtlich gesch\u00fctzt. Die verwendeten Namen und Bezeichnungen unterliegen teilweise einem firmen- oder markenrechtlichen Schutz. Deren Verwendung, die \u00fcber die bestimmungsgem\u00e4sse Nutzung der Online-Angebote hinausgeht, bedarf einer ausdr\u00fccklichen Einwilligung durch uns.<\/p>\n<p><em><strong>Haftungsausschluss<\/strong><\/em><br \/>\nDie Brauerei Sch\u00fctzengarten AG \u00fcbernimmt keinerlei Gew\u00e4hr f\u00fcr die Aktualit\u00e4t, Korrektheit, Vollst\u00e4ndigkeit oder Qualit\u00e4t der bereitgestellten Informationen. Haftungsanspr\u00fcche gegen die Brauerei Sch\u00fctzengarten AG, welche sich auf Sch\u00e4den materieller oder ideeller Art beziehen, die durch die Nutzung oder Nichtnutzung der dargebotenen Informationen bzw. durch die Nutzung fehlerhafter und unvollst\u00e4ndiger Informationen verursacht wurden, sind grunds\u00e4tzlich ausgeschlossen, sofern seitens der Brauerei Sch\u00fctzengarten AG kein nachweislich vors\u00e4tzliches oder grob fahrl\u00e4ssiges Verschulden vorliegt. Alle Angebote sind freibleibend und unverbindlich. Der Autor beh\u00e4lt es sich ausdr\u00fccklich vor, Teile der Seiten oder das gesamte Angebot ohne gesonderte Ank\u00fcndigung zu ver\u00e4ndern, zu erg\u00e4nzen, zu l\u00f6schen oder die Ver\u00f6ffentlichung zeitweise oder endg\u00fcltig einzustellen.<\/p>\n<\/div><\/section><\/div><\/p>","protected":false},"excerpt":{"rendered":"","protected":false},"author":1,"featured_media":0,"parent":0,"menu_order":0,"comment_status":"closed","ping_status":"closed","template":"","meta":{"footnotes":""},"class_list":["post-925","page","type-page","status-publish","hentry"],"_links":{"self":[{"href":"https:\/\/birrasanmartino.ch\/de\/wp-json\/wp\/v2\/pages\/925","targetHints":{"allow":["GET"]}}],"collection":[{"href":"https:\/\/birrasanmartino.ch\/de\/wp-json\/wp\/v2\/pages"}],"about":[{"href":"https:\/\/birrasanmartino.ch\/de\/wp-json\/wp\/v2\/types\/page"}],"author":[{"embeddable":true,"href":"https:\/\/birrasanmartino.ch\/de\/wp-json\/wp\/v2\/users\/1"}],"replies":[{"embeddable":true,"href":"https:\/\/birrasanmartino.ch\/de\/wp-json\/wp\/v2\/comments?post=925"}],"version-history":[{"count":10,"href":"https:\/\/birrasanmartino.ch\/de\/wp-json\/wp\/v2\/pages\/925\/revisions"}],"predecessor-version":[{"id":1719,"href":"https:\/\/birrasanmartino.ch\/de\/wp-json\/wp\/v2\/pages\/925\/revisions\/1719"}],"wp:attachment":[{"href":"https:\/\/birrasanmartino.ch\/de\/wp-json\/wp\/v2\/media?parent=925"}],"curies":[{"name":"wp","href":"https:\/\/api.w.org\/{rel}","templated":true}]}}