{"id":923,"date":"2021-11-26T12:37:00","date_gmt":"2021-11-26T11:37:00","guid":{"rendered":"https:\/\/birrasanmartino.ch\/?page_id=923"},"modified":"2023-08-22T17:31:16","modified_gmt":"2023-08-22T15:31:16","slug":"informativa-sulla-privacy","status":"publish","type":"page","link":"https:\/\/birrasanmartino.ch\/de\/informativa-sulla-privacy\/","title":{"rendered":"Datenschutzerkl\u00e4rung"},"content":{"rendered":"<div  class='flex_column av-jthwb-0db602819bd970f3d62ce6532cb59a9b av_one_full  avia-builder-el-0  el_before_av_one_full  avia-builder-el-first  first flex_column_div'     ><section  class='av_textblock_section av-kwgp8hqs-cab49516e6d081face2cbe8535c52ee7'   itemscope=\"itemscope\" itemtype=\"https:\/\/schema.org\/CreativeWork\" ><div class='avia_textblock'  itemprop=\"text\" ><h2 style=\"text-align: center;\">Datenschutzerkl\u00e4rung<\/h2>\n<\/div><\/section><\/div><div  class='flex_column av-dgvyj-76250ed4c9b95374f9e52cf2c1a854b6 av_one_full  avia-builder-el-2  el_after_av_one_full  avia-builder-el-last  first flex_column_div  column-top-margin'     ><section  class='av_textblock_section av-kwgp6rgn-3d1854922586dc1151275ec037eefcf0'   itemscope=\"itemscope\" itemtype=\"https:\/\/schema.org\/CreativeWork\" ><div class='avia_textblock'  itemprop=\"text\" ><h3>Datenschutzerkl\u00e4rung der Brauerei Sch\u00fctzengarten AG<\/h3>\n<p>Die Brauerei Sch\u00fctzengarten AG sowie die zugeh\u00f6rigen Tochtergesellschaften Wiederkehr Getr\u00e4nke AG und Birrificio Ticinese San Martino SA (nachstehend auch \u00abwir\u00bb, \u00abuns\u00bb) beschaffen und bearbeiten Personendaten, die Sie oder auch andere Personen (sog. \u00abDritte\u00bb) betreffen. Wir verwenden den Begriff \u00abDaten\u00bb hier gleichbedeutend mit \u00abPersonendaten\u00bb oder \u00abpersonenbezogene Daten\u00bb.<\/p>\n<p>Unsere vollst\u00e4ndigen Datenschutzbestimmungen k\u00f6nnen Sie auf der Website der Brauerei Sch\u00fctzengarten AG in deutscher Sprache nachlesen.<\/p>\n<p>Die italienische Version ist eine maschinelle \u00dcbersetzung der Originalversion.<\/p>\n<p><a href=\"https:\/\/www.schuetzengarten.ch\/datenschutz\" target=\"_blank\" rel=\"noopener\">Datenschutzerkl\u00e4rung in DEUTSCH<\/a><br \/>\n<a href=\"https:\/\/www-schuetzengarten-ch.translate.goog\/datenschutz?age_checked=true&amp;_x_tr_sl=auto&amp;_x_tr_tl=it&amp;_x_tr_hl=de&amp;_x_tr_pto=wapp\" target=\"_blank\" rel=\"noopener\">Datenschutzerkl\u00e4rung in ITALIENISCH<\/a><\/p>\n<\/div><\/section><\/div><\/p>","protected":false},"excerpt":{"rendered":"","protected":false},"author":1,"featured_media":0,"parent":0,"menu_order":0,"comment_status":"closed","ping_status":"closed","template":"","meta":{"footnotes":""},"class_list":["post-923","page","type-page","status-publish","hentry"],"_links":{"self":[{"href":"https:\/\/birrasanmartino.ch\/de\/wp-json\/wp\/v2\/pages\/923","targetHints":{"allow":["GET"]}}],"collection":[{"href":"https:\/\/birrasanmartino.ch\/de\/wp-json\/wp\/v2\/pages"}],"about":[{"href":"https:\/\/birrasanmartino.ch\/de\/wp-json\/wp\/v2\/types\/page"}],"author":[{"embeddable":true,"href":"https:\/\/birrasanmartino.ch\/de\/wp-json\/wp\/v2\/users\/1"}],"replies":[{"embeddable":true,"href":"https:\/\/birrasanmartino.ch\/de\/wp-json\/wp\/v2\/comments?post=923"}],"version-history":[{"count":14,"href":"https:\/\/birrasanmartino.ch\/de\/wp-json\/wp\/v2\/pages\/923\/revisions"}],"predecessor-version":[{"id":1432,"href":"https:\/\/birrasanmartino.ch\/de\/wp-json\/wp\/v2\/pages\/923\/revisions\/1432"}],"wp:attachment":[{"href":"https:\/\/birrasanmartino.ch\/de\/wp-json\/wp\/v2\/media?parent=923"}],"curies":[{"name":"wp","href":"https:\/\/api.w.org\/{rel}","templated":true}]}}