{"id":901,"date":"2021-11-25T17:47:32","date_gmt":"2021-11-25T16:47:32","guid":{"rendered":"https:\/\/birrasanmartino.ch\/?page_id=901"},"modified":"2022-06-22T12:46:28","modified_gmt":"2022-06-22T10:46:28","slug":"newsletter","status":"publish","type":"page","link":"https:\/\/birrasanmartino.ch\/de\/il-birrificio\/newsletter\/","title":{"rendered":"Newsletter"},"content":{"rendered":"<style type=\"text\/css\" data-created_by=\"avia_inline_auto\" id=\"style-css-av-b9l05-419e0b3232416459b5f81388765a3e69\">\n.avia-section.av-b9l05-419e0b3232416459b5f81388765a3e69{\nposition:relative;\n}\n.avia-section.av-b9l05-419e0b3232416459b5f81388765a3e69 .av-parallax .av-parallax-inner{\nbackground-repeat:no-repeat;\nbackground-image:url(https:\/\/birrasanmartino.ch\/wp-content\/uploads\/bg_SanMartino-scaled.jpg);\nbackground-position:50% 50%;\nbackground-attachment:scroll;\n}\n.avia-section.av-b9l05-419e0b3232416459b5f81388765a3e69 .av-section-color-overlay{\nopacity:0.9;\nbackground-color:#ffffff;\n}\n.avia-section.av-b9l05-419e0b3232416459b5f81388765a3e69 .avia-divider-svg-bottom svg{\nheight:50px;\nwidth:calc(100% + 1.3px);\nfill:#2b2822;\n}\n<\/style>\n<div id='av_section_1'  class='avia-section av-b9l05-419e0b3232416459b5f81388765a3e69 main_color avia-section-default avia-no-border-styling  avia-builder-el-0  avia-builder-el-no-sibling  av-parallax-section avia-bg-style-parallax av-section-color-overlay-active av-minimum-height av-minimum-height-100 av-height-100  container_wrap sidebar_right'  data-section-bg-repeat='no-repeat' data-av_minimum_height_pc='100' data-av_min_height_opt='100'><div class='avia-divider-svg avia-divider-svg-wave-brush avia-divider-svg-bottom avia-to-front avia-svg-original'><svg xmlns=\"http:\/\/www.w3.org\/2000\/svg\" viewbox=\"0 0 283.5 27.8\" preserveaspectratio=\"none\">\n\t<path d=\"M283.5,9.7c0,0-7.3,4.3-14,4.6c-6.8,0.3-12.6,0-20.9-1.5c-11.3-2-33.1-10.1-44.7-5.7\ts-12.1,4.6-18,7.4c-6.6,3.2-20,9.6-36.6,9.3C131.6,23.5,99.5,7.2,86.3,8c-1.4,0.1-6.6,0.8-10.5,2c-3.8,1.2-9.4,3.8-17,4.7\tc-3.2,0.4-8.3,1.1-14.2,0.9c-1.5-0.1-6.3-0.4-12-1.6c-5.7-1.2-11-3.1-15.8-3.7C6.5,9.2,0,10.8,0,10.8V0h283.5V9.7z M260.8,11.3\tc-0.7-1-2-0.4-4.3-0.4c-2.3,0-6.1-1.2-5.8-1.1c0.3,0.1,3.1,1.5,6,1.9C259.7,12.2,261.4,12.3,260.8,11.3z M242.4,8.6\tc0,0-2.4-0.2-5.6-0.9c-3.2-0.8-10.3-2.8-15.1-3.5c-8.2-1.1-15.8,0-15.1,0.1c0.8,0.1,9.6-0.6,17.6,1.1c3.3,0.7,9.3,2.2,12.4,2.7\tC239.9,8.7,242.4,8.6,242.4,8.6z M185.2,8.5c1.7-0.7-13.3,4.7-18.5,6.1c-2.1,0.6-6.2,1.6-10,2c-3.9,0.4-8.9,0.4-8.8,0.5\tc0,0.2,5.8,0.8,11.2,0c5.4-0.8,5.2-1.1,7.6-1.6C170.5,14.7,183.5,9.2,185.2,8.5z M199.1,6.9c0.2,0-0.8-0.4-4.8,1.1\tc-4,1.5-6.7,3.5-6.9,3.7c-0.2,0.1,3.5-1.8,6.6-3C197,7.5,199,6.9,199.1,6.9z M283,6c-0.1,0.1-1.9,1.1-4.8,2.5s-6.9,2.8-6.7,2.7\tc0.2,0,3.5-0.6,7.4-2.5C282.8,6.8,283.1,5.9,283,6z M31.3,11.6c0.1-0.2-1.9-0.2-4.5-1.2s-5.4-1.6-7.8-2C15,7.6,7.3,8.5,7.7,8.6\tC8,8.7,15.9,8.3,20.2,9.3c2.2,0.5,2.4,0.5,5.7,1.6S31.2,11.9,31.3,11.6z M73,9.2c0.4-0.1,3.5-1.6,8.4-2.6c4.9-1.1,8.9-0.5,8.9-0.8\tc0-0.3-1-0.9-6.2-0.3S72.6,9.3,73,9.2z M71.6,6.7C71.8,6.8,75,5.4,77.3,5c2.3-0.3,1.9-0.5,1.9-0.6c0-0.1-1.1-0.2-2.7,0.2\tC74.8,5.1,71.4,6.6,71.6,6.7z M93.6,4.4c0.1,0.2,3.5,0.8,5.6,1.8c2.1,1,1.8,0.6,1.9,0.5c0.1-0.1-0.8-0.8-2.4-1.3\tC97.1,4.8,93.5,4.2,93.6,4.4z M65.4,11.1c-0.1,0.3,0.3,0.5,1.9-0.2s2.6-1.3,2.2-1.2s-0.9,0.4-2.5,0.8C65.3,10.9,65.5,10.8,65.4,11.1\tz M34.5,12.4c-0.2,0,2.1,0.8,3.3,0.9c1.2,0.1,2,0.1,2-0.2c0-0.3-0.1-0.5-1.6-0.4C36.6,12.8,34.7,12.4,34.5,12.4z M152.2,21.1\tc-0.1,0.1-2.4-0.3-7.5-0.3c-5,0-13.6-2.4-17.2-3.5c-3.6-1.1,10,3.9,16.5,4.1C150.5,21.6,152.3,21,152.2,21.1z\"\/>\n\t<path d=\"M269.6,18c-0.1-0.1-4.6,0.3-7.2,0c-7.3-0.7-17-3.2-16.6-2.9c0.4,0.3,13.7,3.1,17,3.3\tC267.7,18.8,269.7,18,269.6,18z\"\/>\n\t<path d=\"M227.4,9.8c-0.2-0.1-4.5-1-9.5-1.2c-5-0.2-12.7,0.6-12.3,0.5c0.3-0.1,5.9-1.8,13.3-1.2\tS227.6,9.9,227.4,9.8z\"\/>\n\t<path d=\"M204.5,13.4c-0.1-0.1,2-1,3.2-1.1c1.2-0.1,2,0,2,0.3c0,0.3-0.1,0.5-1.6,0.4\tC206.4,12.9,204.6,13.5,204.5,13.4z\"\/>\n\t<path d=\"M201,10.6c0-0.1-4.4,1.2-6.3,2.2c-1.9,0.9-6.2,3.1-6.1,3.1c0.1,0.1,4.2-1.6,6.3-2.6\tS201,10.7,201,10.6z\"\/>\n\t<path d=\"M154.5,26.7c-0.1-0.1-4.6,0.3-7.2,0c-7.3-0.7-17-3.2-16.6-2.9c0.4,0.3,13.7,3.1,17,3.3\tC152.6,27.5,154.6,26.8,154.5,26.7z\"\/>\n\t<path d=\"M41.9,19.3c0,0,1.2-0.3,2.9-0.1c1.7,0.2,5.8,0.9,8.2,0.7c4.2-0.4,7.4-2.7,7-2.6\tc-0.4,0-4.3,2.2-8.6,1.9c-1.8-0.1-5.1-0.5-6.7-0.4S41.9,19.3,41.9,19.3z\"\/>\n\t<path d=\"M75.5,12.6c0.2,0.1,2-0.8,4.3-1.1c2.3-0.2,2.1-0.3,2.1-0.5c0-0.1-1.8-0.4-3.4,0\tC76.9,11.5,75.3,12.5,75.5,12.6z\"\/>\n\t<path d=\"M15.6,13.2c0-0.1,4.3,0,6.7,0.5c2.4,0.5,5,1.9,5,2c0,0.1-2.7-0.8-5.1-1.4\tC19.9,13.7,15.7,13.3,15.6,13.2z\"\/>\n<\/svg><\/div><div class='av-parallax' data-avia-parallax-ratio='0.3' ><div class='av-parallax-inner main_color avia-full-stretch'><\/div><\/div><div class=\"av-section-color-overlay-wrap\"><div class=\"av-section-color-overlay\"><\/div><div class='container av-section-cont-open' ><main  role=\"main\" itemprop=\"mainContentOfPage\"  class='template-page content  av-content-small alpha units'><div class='post-entry post-entry-type-page post-entry-901'><div class='entry-content-wrapper clearfix'>\n<div  class='flex_column av-jrrdp-2188b5d02bc34b00ed74919d0b8e419e av_one_full  avia-builder-el-1  el_before_av_one_half  avia-builder-el-first  first flex_column_div'     ><section  class='av_textblock_section av-kwf6z5us-9794404841026ab40696d0011d3cd5b9'   itemscope=\"itemscope\" itemtype=\"https:\/\/schema.org\/CreativeWork\" ><div class='avia_textblock'  itemprop=\"text\" ><h1 style=\"text-align: center;\">Abonniere unseren Newsletter<\/h1>\n<\/div><\/section><\/div><div  class='flex_column av-f9uod-6a2214aec0bd5b2b342559ac17605737 av_one_half  avia-builder-el-3  el_after_av_one_full  el_before_av_one_half  first flex_column_div  column-top-margin'     ><section  class='av_textblock_section av-kwf76n7k-55196e85b1fe610d1b1d74ffbfd8ad55'   itemscope=\"itemscope\" itemtype=\"https:\/\/schema.org\/CreativeWork\" ><div class='avia_textblock'  itemprop=\"text\" ><h3>Wir informieren regelm\u00e4\u00dfig \u00fcber unsere Aktivit\u00e4ten.<\/h3>\n<h3>Trage deinen Namen und deine E-Mail-Adresse ein, damit du unseren Newsletter regelm\u00e4\u00dfig erh\u00e4ltst.<\/h3>\n<\/div><\/section><\/div><div  class='flex_column av-hlj0t-c14d2f5d413040c1d2c7aabf63e247f4 av_one_half  avia-builder-el-5  el_after_av_one_half  avia-builder-el-last  flex_column_div  column-top-margin'     ><form action=\"https:\/\/birrasanmartino.ch\/de\/il-birrificio\/newsletter\/\" method=\"post\"  data-av-custom-send='mailchimp_send'data-fields-with-error=\"Fehler wurden in folgenden Feld(ern) gefunden:\" class=\"avia_ajax_form av-form-labels-hidden   avia-builder-el-6  avia-builder-el-no-sibling   avia-mailchimp-form\" data-avia-form-id=\"1\" data-avia-redirect='' data-trp-original-action=\"https:\/\/birrasanmartino.ch\/de\/il-birrificio\/newsletter\/\" ><fieldset><p class='first_form  form_element form_fullwidth' id='element_avia_0_1'><label for=\"avia_0_1\">E-Mail <abbr class=\"required\" title=\"ben\u00f6tigt\">*<\/abbr><\/label> <input name=\"avia_0_1\" class=\"text_input is_email\" type=\"text\" id=\"avia_0_1\" value=\"\"  placeholder='E-Mail*'\/><\/p><p class='first_form  form_element form_fullwidth' id='element_avia_1_1'><label for=\"avia_1_1\">Vorname<\/label> <input name=\"avia_1_1\" class=\"text_input\" type=\"text\" id=\"avia_1_1\" value=\"\"  placeholder='Vorname'\/><\/p><p class='first_form  form_element form_fullwidth' id='element_avia_2_1'><label for=\"avia_2_1\">Nachname<\/label> <input name=\"avia_2_1\" class=\"text_input\" type=\"text\" id=\"avia_2_1\" value=\"\"  placeholder='Nachname'\/><\/p><p class='av_form_privacy_check av_mailchimp_privacy_check first_form  form_element form_fullwidth' id='element_avia_av_privacy_agreement_1'><input  name=\"avia_av_privacy_agreement_1\" class=\"input_checkbox is_empty\" type=\"checkbox\" id=\"avia_av_privacy_agreement_1\" value=\"true\"\/><label class=\"input_checkbox_label\" for=\"avia_av_privacy_agreement_1\">Du kannst dich jederzeit wieder abmelden, indem du auf den Link in der Fu\u00dfzeile unserer E-Mails klickst. Informationen \u00fcber unsere Datenschutzpraktiken findest du auf unserer Website.\n \nWir verwenden Mailchimp als unsere Newsletterplattform. Wenn du unten auf \"Newsletter bestellen\" klickst um dich anzumelden, erkl\u00e4rst du dich damit einverstanden, dass deine Daten zur Verarbeitung an Mailchimp (USA) \u00fcbermittelt werden. <abbr class=\"required\" title=\"ben\u00f6tigt\">*<\/abbr><\/label><\/p><p class=\"form_element  first_form  form_element form_fullwidth av-last-visible-form-element modified_width\"><input type=\"hidden\" value=\"1\" name=\"avia_generated_form1\" \/><input type=\"submit\" value=\"Newsletter bestellen\" class=\"button\"  data-sending-label=\"Sende\"\/><\/p><p class=\"hidden\"><input type=\"text\" name=\"avia_avia_username_1\" class=\"hidden\" id=\"avia_avia_username_1\" value=\"\" \/><\/p><\/fieldset><input type=\"hidden\" name=\"trp-form-language\" value=\"de\"\/><\/form><div id=\"ajaxresponse_1\" class=\"ajaxresponse ajaxresponse_1 hidden\"><\/div><\/div><\/div><\/div><\/main><!-- close content main element --><\/div><\/div><\/div><div id='after_section_1'  class='main_color av_default_container_wrap container_wrap sidebar_right'  ><div class='container av-section-cont-open' ><div class='template-page content  av-content-small alpha units'><div class='post-entry post-entry-type-page post-entry-901'><div class='entry-content-wrapper clearfix'>","protected":false},"excerpt":{"rendered":"","protected":false},"author":1,"featured_media":0,"parent":87,"menu_order":0,"comment_status":"closed","ping_status":"closed","template":"","meta":{"footnotes":""},"class_list":["post-901","page","type-page","status-publish","hentry"],"_links":{"self":[{"href":"https:\/\/birrasanmartino.ch\/de\/wp-json\/wp\/v2\/pages\/901","targetHints":{"allow":["GET"]}}],"collection":[{"href":"https:\/\/birrasanmartino.ch\/de\/wp-json\/wp\/v2\/pages"}],"about":[{"href":"https:\/\/birrasanmartino.ch\/de\/wp-json\/wp\/v2\/types\/page"}],"author":[{"embeddable":true,"href":"https:\/\/birrasanmartino.ch\/de\/wp-json\/wp\/v2\/users\/1"}],"replies":[{"embeddable":true,"href":"https:\/\/birrasanmartino.ch\/de\/wp-json\/wp\/v2\/comments?post=901"}],"version-history":[{"count":24,"href":"https:\/\/birrasanmartino.ch\/de\/wp-json\/wp\/v2\/pages\/901\/revisions"}],"predecessor-version":[{"id":1131,"href":"https:\/\/birrasanmartino.ch\/de\/wp-json\/wp\/v2\/pages\/901\/revisions\/1131"}],"up":[{"embeddable":true,"href":"https:\/\/birrasanmartino.ch\/de\/wp-json\/wp\/v2\/pages\/87"}],"wp:attachment":[{"href":"https:\/\/birrasanmartino.ch\/de\/wp-json\/wp\/v2\/media?parent=901"}],"curies":[{"name":"wp","href":"https:\/\/api.w.org\/{rel}","templated":true}]}}